{"id":507,"date":"2022-01-21T21:10:02","date_gmt":"2022-01-21T20:10:02","guid":{"rendered":"https:\/\/localhost\/wordpress\/?page_id=507"},"modified":"2026-01-09T19:24:22","modified_gmt":"2026-01-09T18:24:22","slug":"stallkladsel","status":"publish","type":"page","link":"https:\/\/www.hermingeridskola.se\/?page_id=507","title":{"rendered":"Stallkl\u00e4dsel"},"content":{"rendered":"\n<div class=\"wp-block-group blog-content\"><div class=\"wp-block-group__inner-container is-layout-flow wp-block-group-is-layout-flow\">\n<h4 class=\"wp-block-heading\">Kl\u00e4 dig r\u00e4tt f\u00f6r&nbsp;ridning<\/h4>\n\n\n\n<p>Inf\u00f6r din f\u00f6rsta ridlektion vill vi g\u00e4rna ge dig lite kl\u00e4dselr\u00e5d, fr\u00e4mst f\u00f6r att det ur s\u00e4kerhetssynpunkt finns viss utrustning som vi av s\u00e4kerhetssk\u00e4l aldrig kan ge avkall p\u00e5. Du beh\u00f6ver ocks\u00e5 ha en bra utrustning f\u00f6r att det ska vara bekv\u00e4mt att r\u00f6ra sig till h\u00e4st.<\/p>\n<\/div><\/div>\n\n\n\n<div class=\"wp-block-group blog-content\"><div class=\"wp-block-group__inner-container is-layout-flow wp-block-group-is-layout-flow\">\n<h6 class=\"wp-block-heading\"><strong>Ridhj\u00e4lm<\/strong>&nbsp;<\/h6>\n\n\n\n<p>Hj\u00e4lm skall alltid b\u00e4ras vid all ridning men ocks\u00e5 vid hantering av h\u00e4starna. Ett begr\u00e4nsat antal hj\u00e4lmar i olika storlekar finns att l\u00e5na i stallet. Vill du inhandla en egen hj\u00e4lm redan innan din f\u00f6rsta ridlektion b\u00f6r du t\u00e4nka p\u00e5 att den skall uppfylla s\u00e4kerhetskraven som EU st\u00e4ller p\u00e5 tillverkaren, dvs. vara CE-m\u00e4rkt, samt ha en bra passform. R\u00e5dfr\u00e5ga g\u00e4rna personalen i butiken vid utprovning av hj\u00e4lm. Vi rekommenderar att alla v\u00e5ra elever k\u00f6per en egen hj\u00e4lm utprovad efter just dig\/ditt barn.<\/p>\n<\/div><\/div>\n\n\n\n<div class=\"wp-block-group blog-content\"><div class=\"wp-block-group__inner-container is-layout-flow wp-block-group-is-layout-flow\">\n<h6 class=\"wp-block-heading\"><strong>Skor med klack<\/strong><\/h6>\n\n\n\n<p>Ridst\u00f6vlar eller skor med klack\u00a0ska anv\u00e4ndas vid ridning f\u00f6r att f\u00f6rhindra att foten eventuellt \u00e5ker igenom stigbygeln och fastnar. T\u00e4nk p\u00e5 att skorna inte f\u00e5r ha n\u00e5gra hakar eller sp\u00e4nnen som kan fastna. Gummist\u00f6vlar \u00e4r ofta ett gott alternativ f\u00f6r dig som vill prova p\u00e5 att rida!<\/p>\n<\/div><\/div>\n\n\n\n<div class=\"wp-block-group blog-content\"><div class=\"wp-block-group__inner-container is-layout-flow wp-block-group-is-layout-flow\">\n<h6 class=\"wp-block-heading\"><strong>Skyddsv\u00e4st<\/strong><\/h6>\n\n\n\n<p>Skyddsv\u00e4star anv\u00e4nds vid uppsutten ridning. V\u00e4star i olika storlekar finns ocks\u00e5 att l\u00e5na i stallet. <br>Barn under 18 som av n\u00e5gon orsak inte anv\u00e4nder skyddsv\u00e4st p\u00e5 ridlektioner kr\u00e4ver ett godk\u00e4nnande till ridl\u00e4rare av v\u00e5rdnadshavare. <\/p>\n\n\n\n<p>Skyddsv\u00e4st \u00e4r obligatoriskt vid hoppning och uteritt f\u00f6r samtliga elever under 18 \u00e5r. T\u00e4nk p\u00e5 att kontrollera CE-m\u00e4rkningen d\u00e5 v\u00e4star &#8221;ryggskydd&#8221; s\u00e4ljs som inte \u00e4r godk\u00e4nda f\u00f6r hoppning.<\/p>\n\n\n\n<p>\u00d6ver 18 \u00e5r \u00e4r skyddsv\u00e4st valfritt, men rekommenderas av ridskolan.<\/p>\n<\/div><\/div>\n\n\n\n<div class=\"wp-block-group blog-content\"><div class=\"wp-block-group__inner-container is-layout-flow wp-block-group-is-layout-flow\">\n<h6 class=\"wp-block-heading\"><strong>\u00d6vrig kl\u00e4dsel<\/strong><\/h6>\n\n\n\n<p>Undvik bylsig kl\u00e4dsel. Jacka och tr\u00f6ja ska vara utan luva f\u00f6r att undvika att fastna. Handskar med grepp rekommenderas f\u00f6r att inte f\u00e5 ont i h\u00e4nderna och enklare f\u00e5 ett bra grepp i tyglarna. <\/p>\n<\/div><\/div>\n\n\n\n<div class=\"wp-block-group blog-content\"><div class=\"wp-block-group__inner-container is-layout-flow wp-block-group-is-layout-flow\">\n<h6 class=\"wp-block-heading\"><strong>\u00d6vrigt<\/strong>&nbsp;<\/h6>\n\n\n\n<p>N\u00e4r\u00a0vi rider f\u00e5r\u00a0man inte\u00a0tugga tuggummi, \u00e4ta godis eller annat p\u00e5 h\u00e4stryggen. Undvik \u00e4ven piercing, ringar och stora smycken d\u00e5 de kan fastna.<\/p>\n\n\n\n<p>L\u00e5ngt h\u00e5r b\u00f6r vara uppsatt vid ridning och hantering av h\u00e4star. Ridsp\u00f6 och sporrar anv\u00e4nds endast om detta godk\u00e4nts av ridl\u00e4raren.<\/p>\n<\/div><\/div>\n\n\n\n<p><\/p>\n","protected":false},"excerpt":{"rendered":"<p>Kl\u00e4 dig r\u00e4tt f\u00f6r&nbsp;ridning Inf\u00f6r din f\u00f6rsta ridlektion vill vi g\u00e4rna ge dig lite kl\u00e4dselr\u00e5d, fr\u00e4mst f\u00f6r att det ur s\u00e4kerhetssynpunkt finns viss utrustning som vi av s\u00e4kerhetssk\u00e4l aldrig kan ge avkall p\u00e5. Du beh\u00f6ver ocks\u00e5 ha en bra utrustning f\u00f6r att det ska vara bekv\u00e4mt att r\u00f6ra sig till h\u00e4st. Ridhj\u00e4lm&nbsp; Hj\u00e4lm skall alltid [&hellip;]<\/p>\n","protected":false},"author":2,"featured_media":0,"parent":0,"menu_order":0,"comment_status":"closed","ping_status":"closed","template":"","meta":{"inline_featured_image":false,"footnotes":""},"class_list":["post-507","page","type-page","status-publish","hentry"],"_links":{"self":[{"href":"https:\/\/www.hermingeridskola.se\/index.php?rest_route=\/wp\/v2\/pages\/507","targetHints":{"allow":["GET"]}}],"collection":[{"href":"https:\/\/www.hermingeridskola.se\/index.php?rest_route=\/wp\/v2\/pages"}],"about":[{"href":"https:\/\/www.hermingeridskola.se\/index.php?rest_route=\/wp\/v2\/types\/page"}],"author":[{"embeddable":true,"href":"https:\/\/www.hermingeridskola.se\/index.php?rest_route=\/wp\/v2\/users\/2"}],"replies":[{"embeddable":true,"href":"https:\/\/www.hermingeridskola.se\/index.php?rest_route=%2Fwp%2Fv2%2Fcomments&post=507"}],"version-history":[{"count":9,"href":"https:\/\/www.hermingeridskola.se\/index.php?rest_route=\/wp\/v2\/pages\/507\/revisions"}],"predecessor-version":[{"id":1383,"href":"https:\/\/www.hermingeridskola.se\/index.php?rest_route=\/wp\/v2\/pages\/507\/revisions\/1383"}],"wp:attachment":[{"href":"https:\/\/www.hermingeridskola.se\/index.php?rest_route=%2Fwp%2Fv2%2Fmedia&parent=507"}],"curies":[{"name":"wp","href":"https:\/\/api.w.org\/{rel}","templated":true}]}}